{"id":5866,"date":"2023-08-29T13:18:53","date_gmt":"2023-08-29T10:18:53","guid":{"rendered":"https:\/\/kaitammsaar.com\/?post_type=product&#038;p=5866"},"modified":"2023-11-21T11:34:48","modified_gmt":"2023-11-21T09:34:48","slug":"barbie-blush","status":"publish","type":"product","link":"https:\/\/kaitammsaar.com\/et\/toode\/barbie-blush\/","title":{"rendered":"Barbie p\u00f5sepuna"},"content":{"rendered":"<p>T\u00e4iuslik ''Barbie-roosa'' p\u00f5sepuna.<\/p>\n<p>Sa v\u00f5id seda p\u00f5sepuna kasutada ka lauv\u00e4rvina.<\/p>\n<p>P\u00f5sepuna on roosakullaga kaetud magnetilises topsikus. P\u00f5sepuna on v\u00e4ikses suuruses. Topsiku suurus 40x11,5mm).<\/p>\n<p>\u2022 Vegan<br \/>\n\u2022 Cruelty free<br \/>\n\u2022 Paraben free<\/p>\n<p>Koostisosad:<\/p>\n<p>Mica, Talc, Ethylhexyl Palmitate, Synthetic Fluorphlogopite, Triethoxycapr-ylylsilane, Calcium Sodium Borosilicate, Bis-diglyceryl Polyacyladipate-2, Silica, Magnesium Stearate, Boron nitride, Polyisobutene, Dimethicone, Tin Oxide, Petrolatum, Phenoxyethanol, May Contain (+\/-): Iron Oxides<br \/>\n(Ci 77492, Ci 77491, Ci 77499), Titanium Dixoide (Ci 77891), Blue 1 (Ci 42090), Chromium Hydroxide Green (Ci 77289), Yellow 5 (Ci 19140),Chrome Oxide Green (Ci 77288), Red 40 (Ci 16035), Ferric Ammonium Ferrocyanide (Ci 77510).<\/p>","protected":false},"excerpt":{"rendered":"<p>Trendikas roosa p\u00f5sepuna. Seda p\u00f5sepuna v\u00f5id kasutada ka lauv\u00e4rvina.<\/p>","protected":false},"featured_media":5948,"comment_status":"open","ping_status":"closed","template":"","meta":[],"etheme_brands":[{"term_id":47,"name":"Kai Tammsaar","slug":"kai-tammsaar","term_group":0,"term_taxonomy_id":47,"taxonomy":"brand","description":"","parent":0,"count":9,"filter":"raw"}],"product_brand":[],"product_cat":[22],"product_tag":[50,48,51,49],"class_list":{"0":"post-5866","1":"product","2":"type-product","3":"status-publish","4":"has-post-thumbnail","6":"brand-kai-tammsaar","7":"product_cat-blush","8":"product_tag-barbie","9":"product_tag-blush","10":"product_tag-makeup","11":"product_tag-pink","13":"first","14":"instock","15":"taxable","16":"shipping-taxable","17":"purchasable","18":"product-type-simple"},"yoast_head":"<!-- This site is optimized with the Yoast SEO plugin v26.4 - https:\/\/yoast.com\/wordpress\/plugins\/seo\/ -->\n<title>Barbie blush - Kai Tammsaar Cosmetics<\/title>\n<meta name=\"robots\" content=\"index, follow, max-snippet:-1, max-image-preview:large, max-video-preview:-1\" \/>\n<link rel=\"canonical\" href=\"https:\/\/kaitammsaar.com\/et\/toode\/barbie-blush\/\" \/>\n<meta property=\"og:locale\" content=\"et_EE\" \/>\n<meta property=\"og:type\" content=\"article\" \/>\n<meta property=\"og:title\" content=\"Barbie blush - Kai Tammsaar Cosmetics\" \/>\n<meta property=\"og:description\" content=\"Trendy pink blush. Also you can use it as an eyeshadow.\" \/>\n<meta property=\"og:url\" content=\"https:\/\/kaitammsaar.com\/et\/toode\/barbie-blush\/\" \/>\n<meta property=\"og:site_name\" content=\"Kai Tammsaar Cosmetics\" \/>\n<meta property=\"article:modified_time\" content=\"2023-11-21T09:34:48+00:00\" \/>\n<meta property=\"og:image\" content=\"https:\/\/kaitammsaar.com\/wp-content\/uploads\/2023\/08\/16987BFC-B97B-4C61-A255-130BC20167EC.jpeg\" \/>\n\t<meta property=\"og:image:width\" content=\"2159\" \/>\n\t<meta property=\"og:image:height\" content=\"2037\" \/>\n\t<meta property=\"og:image:type\" content=\"image\/jpeg\" \/>\n<meta name=\"twitter:card\" content=\"summary_large_image\" \/>\n<meta name=\"twitter:label1\" content=\"Est. reading time\" \/>\n\t<meta name=\"twitter:data1\" content=\"1 minut\" \/>\n<script type=\"application\/ld+json\" class=\"yoast-schema-graph\">{\"@context\":\"https:\/\/schema.org\",\"@graph\":[{\"@type\":\"WebPage\",\"@id\":\"https:\/\/kaitammsaar.com\/product\/barbie-blush\/\",\"url\":\"https:\/\/kaitammsaar.com\/product\/barbie-blush\/\",\"name\":\"Barbie blush - Kai Tammsaar Cosmetics\",\"isPartOf\":{\"@id\":\"https:\/\/kaitammsaar.com\/en\/#website\"},\"primaryImageOfPage\":{\"@id\":\"https:\/\/kaitammsaar.com\/product\/barbie-blush\/#primaryimage\"},\"image\":{\"@id\":\"https:\/\/kaitammsaar.com\/product\/barbie-blush\/#primaryimage\"},\"thumbnailUrl\":\"https:\/\/kaitammsaar.com\/wp-content\/uploads\/2023\/08\/16987BFC-B97B-4C61-A255-130BC20167EC.jpeg\",\"datePublished\":\"2023-08-29T10:18:53+00:00\",\"dateModified\":\"2023-11-21T09:34:48+00:00\",\"breadcrumb\":{\"@id\":\"https:\/\/kaitammsaar.com\/product\/barbie-blush\/#breadcrumb\"},\"inLanguage\":\"et\",\"potentialAction\":[{\"@type\":\"ReadAction\",\"target\":[\"https:\/\/kaitammsaar.com\/product\/barbie-blush\/\"]}]},{\"@type\":\"ImageObject\",\"inLanguage\":\"et\",\"@id\":\"https:\/\/kaitammsaar.com\/product\/barbie-blush\/#primaryimage\",\"url\":\"https:\/\/kaitammsaar.com\/wp-content\/uploads\/2023\/08\/16987BFC-B97B-4C61-A255-130BC20167EC.jpeg\",\"contentUrl\":\"https:\/\/kaitammsaar.com\/wp-content\/uploads\/2023\/08\/16987BFC-B97B-4C61-A255-130BC20167EC.jpeg\",\"width\":2159,\"height\":2037},{\"@type\":\"BreadcrumbList\",\"@id\":\"https:\/\/kaitammsaar.com\/product\/barbie-blush\/#breadcrumb\",\"itemListElement\":[{\"@type\":\"ListItem\",\"position\":1,\"name\":\"Home\",\"item\":\"https:\/\/kaitammsaar.com\/\"},{\"@type\":\"ListItem\",\"position\":2,\"name\":\"Shop\",\"item\":\"https:\/\/kaitammsaar.com\/shop\/\"},{\"@type\":\"ListItem\",\"position\":3,\"name\":\"Barbie blush\"}]},{\"@type\":\"WebSite\",\"@id\":\"https:\/\/kaitammsaar.com\/en\/#website\",\"url\":\"https:\/\/kaitammsaar.com\/en\/\",\"name\":\"Kai Tammsaar Cosmetics\",\"description\":\"Elegance Unveiled: Discover the Beauty World with Kai Tammsaar Cosmetics\",\"publisher\":{\"@id\":\"https:\/\/kaitammsaar.com\/en\/#\/schema\/person\/6767c00dbf26ee4caae94cd406d1b06d\"},\"potentialAction\":[{\"@type\":\"SearchAction\",\"target\":{\"@type\":\"EntryPoint\",\"urlTemplate\":\"https:\/\/kaitammsaar.com\/en\/?s={search_term_string}\"},\"query-input\":{\"@type\":\"PropertyValueSpecification\",\"valueRequired\":true,\"valueName\":\"search_term_string\"}}],\"inLanguage\":\"et\"},{\"@type\":[\"Person\",\"Organization\"],\"@id\":\"https:\/\/kaitammsaar.com\/en\/#\/schema\/person\/6767c00dbf26ee4caae94cd406d1b06d\",\"name\":\"Kai Tammsaar\",\"image\":{\"@type\":\"ImageObject\",\"inLanguage\":\"et\",\"@id\":\"https:\/\/kaitammsaar.com\/en\/#\/schema\/person\/image\/\",\"url\":\"https:\/\/kaitammsaar.com\/wp-content\/uploads\/2023\/08\/cropped-Kai_3_puhas-01.png\",\"contentUrl\":\"https:\/\/kaitammsaar.com\/wp-content\/uploads\/2023\/08\/cropped-Kai_3_puhas-01.png\",\"width\":512,\"height\":512,\"caption\":\"Kai Tammsaar\"},\"logo\":{\"@id\":\"https:\/\/kaitammsaar.com\/en\/#\/schema\/person\/image\/\"},\"sameAs\":[\"https:\/\/kaitammsaar.com\"]}]}<\/script>\n<!-- \/ Yoast SEO plugin. -->","yoast_head_json":{"title":"Barbie blush - Kai Tammsaar Cosmetics","robots":{"index":"index","follow":"follow","max-snippet":"max-snippet:-1","max-image-preview":"max-image-preview:large","max-video-preview":"max-video-preview:-1"},"canonical":"https:\/\/kaitammsaar.com\/et\/toode\/barbie-blush\/","og_locale":"et_EE","og_type":"article","og_title":"Barbie blush - Kai Tammsaar Cosmetics","og_description":"Trendy pink blush. Also you can use it as an eyeshadow.","og_url":"https:\/\/kaitammsaar.com\/et\/toode\/barbie-blush\/","og_site_name":"Kai Tammsaar Cosmetics","article_modified_time":"2023-11-21T09:34:48+00:00","og_image":[{"width":2159,"height":2037,"url":"https:\/\/kaitammsaar.com\/wp-content\/uploads\/2023\/08\/16987BFC-B97B-4C61-A255-130BC20167EC.jpeg","type":"image\/jpeg"}],"twitter_card":"summary_large_image","twitter_misc":{"Est. reading time":"1 minut"},"schema":{"@context":"https:\/\/schema.org","@graph":[{"@type":"WebPage","@id":"https:\/\/kaitammsaar.com\/product\/barbie-blush\/","url":"https:\/\/kaitammsaar.com\/product\/barbie-blush\/","name":"Barbie blush - Kai Tammsaar Cosmetics","isPartOf":{"@id":"https:\/\/kaitammsaar.com\/en\/#website"},"primaryImageOfPage":{"@id":"https:\/\/kaitammsaar.com\/product\/barbie-blush\/#primaryimage"},"image":{"@id":"https:\/\/kaitammsaar.com\/product\/barbie-blush\/#primaryimage"},"thumbnailUrl":"https:\/\/kaitammsaar.com\/wp-content\/uploads\/2023\/08\/16987BFC-B97B-4C61-A255-130BC20167EC.jpeg","datePublished":"2023-08-29T10:18:53+00:00","dateModified":"2023-11-21T09:34:48+00:00","breadcrumb":{"@id":"https:\/\/kaitammsaar.com\/product\/barbie-blush\/#breadcrumb"},"inLanguage":"et","potentialAction":[{"@type":"ReadAction","target":["https:\/\/kaitammsaar.com\/product\/barbie-blush\/"]}]},{"@type":"ImageObject","inLanguage":"et","@id":"https:\/\/kaitammsaar.com\/product\/barbie-blush\/#primaryimage","url":"https:\/\/kaitammsaar.com\/wp-content\/uploads\/2023\/08\/16987BFC-B97B-4C61-A255-130BC20167EC.jpeg","contentUrl":"https:\/\/kaitammsaar.com\/wp-content\/uploads\/2023\/08\/16987BFC-B97B-4C61-A255-130BC20167EC.jpeg","width":2159,"height":2037},{"@type":"BreadcrumbList","@id":"https:\/\/kaitammsaar.com\/product\/barbie-blush\/#breadcrumb","itemListElement":[{"@type":"ListItem","position":1,"name":"Home","item":"https:\/\/kaitammsaar.com\/"},{"@type":"ListItem","position":2,"name":"Shop","item":"https:\/\/kaitammsaar.com\/shop\/"},{"@type":"ListItem","position":3,"name":"Barbie blush"}]},{"@type":"WebSite","@id":"https:\/\/kaitammsaar.com\/en\/#website","url":"https:\/\/kaitammsaar.com\/en\/","name":"Kai Tammsaar Cosmetics","description":"Elegance Unveiled: Discover the Beauty World with Kai Tammsaar Cosmetics","publisher":{"@id":"https:\/\/kaitammsaar.com\/en\/#\/schema\/person\/6767c00dbf26ee4caae94cd406d1b06d"},"potentialAction":[{"@type":"SearchAction","target":{"@type":"EntryPoint","urlTemplate":"https:\/\/kaitammsaar.com\/en\/?s={search_term_string}"},"query-input":{"@type":"PropertyValueSpecification","valueRequired":true,"valueName":"search_term_string"}}],"inLanguage":"et"},{"@type":["Person","Organization"],"@id":"https:\/\/kaitammsaar.com\/en\/#\/schema\/person\/6767c00dbf26ee4caae94cd406d1b06d","name":"Kai Tammsaar","image":{"@type":"ImageObject","inLanguage":"et","@id":"https:\/\/kaitammsaar.com\/en\/#\/schema\/person\/image\/","url":"https:\/\/kaitammsaar.com\/wp-content\/uploads\/2023\/08\/cropped-Kai_3_puhas-01.png","contentUrl":"https:\/\/kaitammsaar.com\/wp-content\/uploads\/2023\/08\/cropped-Kai_3_puhas-01.png","width":512,"height":512,"caption":"Kai Tammsaar"},"logo":{"@id":"https:\/\/kaitammsaar.com\/en\/#\/schema\/person\/image\/"},"sameAs":["https:\/\/kaitammsaar.com"]}]}},"_links":{"self":[{"href":"https:\/\/kaitammsaar.com\/et\/wp-json\/wp\/v2\/product\/5866","targetHints":{"allow":["GET"]}}],"collection":[{"href":"https:\/\/kaitammsaar.com\/et\/wp-json\/wp\/v2\/product"}],"about":[{"href":"https:\/\/kaitammsaar.com\/et\/wp-json\/wp\/v2\/types\/product"}],"replies":[{"embeddable":true,"href":"https:\/\/kaitammsaar.com\/et\/wp-json\/wp\/v2\/comments?post=5866"}],"wp:featuredmedia":[{"embeddable":true,"href":"https:\/\/kaitammsaar.com\/et\/wp-json\/wp\/v2\/media\/5948"}],"wp:attachment":[{"href":"https:\/\/kaitammsaar.com\/et\/wp-json\/wp\/v2\/media?parent=5866"}],"wp:term":[{"taxonomy":"brand","embeddable":true,"href":"https:\/\/kaitammsaar.com\/et\/wp-json\/wp\/v2\/etheme_brands?post=5866"},{"taxonomy":"product_brand","embeddable":true,"href":"https:\/\/kaitammsaar.com\/et\/wp-json\/wp\/v2\/product_brand?post=5866"},{"taxonomy":"product_cat","embeddable":true,"href":"https:\/\/kaitammsaar.com\/et\/wp-json\/wp\/v2\/product_cat?post=5866"},{"taxonomy":"product_tag","embeddable":true,"href":"https:\/\/kaitammsaar.com\/et\/wp-json\/wp\/v2\/product_tag?post=5866"}],"curies":[{"name":"wp","href":"https:\/\/api.w.org\/{rel}","templated":true}]}}